{"id":220,"date":"2020-05-22T14:15:58","date_gmt":"2020-05-22T12:15:58","guid":{"rendered":"https:\/\/www.nicolasvadot.com\/shop\/?post_type=product&#038;p=220"},"modified":"2025-12-13T22:02:25","modified_gmt":"2025-12-13T21:02:25","slug":"norbert-limaginaire-tome-3","status":"publish","type":"product","link":"https:\/\/www.nicolasvadot.com\/shop\/produit\/norbert-limaginaire-tome-3\/","title":{"rendered":"Norbert l\u2019Imaginaire, l&rsquo;int\u00e9grale"},"content":{"rendered":"<p>Date de parution : janvier 2004<br \/>\nDimensions : 26 x 19,5 cm<br \/>\nNb de pages : 222 pages<br \/>\nPoids : 0,9 kg<\/p>\n","protected":false},"excerpt":{"rendered":"<h4>Imaginez un monde \u00e0 nul autre pareil\u00a0: le v\u00f4tre\u00a0!<\/h4>\n<p>Au sein de Simon Glonek, jeune trentenaire introverti, plusieurs entit\u00e9s se battent pour prendre le contr\u00f4le\u00a0: Norbert l\u2019Imaginaire est emprisonn\u00e9 depuis toujours par le Capitaine la Raison, despote \u00e9clair\u00e9 emp\u00eachant Simon de s\u2019\u00e9panouir. Jusqu\u2019\u00e0 ce qu\u2019un coup de foudre redistribue les cartes. Simon rencontre Elodie, c\u2019est la R\u00e9volution de la saint-Valentin, pour le meilleur et pour le pire, car le monstrueux d\u00e9presseur entre \u00e9galement en sc\u00e8ne.<\/p>\n<p>La s\u00e9rie est cosc\u00e9naris\u00e9e par Olivier Gu\u00e9ret.<\/p>\n<p>\u00ab\u00a0Descartes, le peuple aura ta peau\u00a0! <em>Norbert l\u2019Imaginaire<\/em> est un v\u00e9ritable r\u00e9gal, un d\u00e9lice, une friandise. Le dessin, le sc\u00e9nario, les dialogues\u00a0: tout est dr\u00f4le. Mondiou, mondiou, mondiou que \u00e7a fait du bien\u00a0!\u00a0\u00bb <em>&#8211; Le Soir<\/em><\/p>\n<p>\u00ab\u00a0S\u00e9rie bourr\u00e9e de r\u00e9f\u00e9rences litt\u00e9raires et cin\u00e9matographiques, historiques et politiques, saupoudr\u00e9e d\u2019un humour de tr\u00e8s bon ton, les trois tomes se lisent avec d\u00e9lectation. Une BD brillante, unique, fabuleuse\u2026 bref, un pur chef d\u2019\u0153uvre.\u00a0\u00bb\u00a0 <em>&#8211; Les sentiers de l\u2019imaginaire<\/em><\/p>\n","protected":false},"featured_media":2436,"comment_status":"closed","ping_status":"closed","template":"","meta":{"_monsterinsights_skip_tracking":false,"_monsterinsights_sitenote_active":false,"_monsterinsights_sitenote_note":"","_monsterinsights_sitenote_category":0},"product_brand":[],"product_cat":[17],"product_tag":[],"class_list":{"0":"post-220","1":"product","2":"type-product","3":"status-publish","4":"has-post-thumbnail","6":"product_cat-bandes-dessinees","8":"first","9":"instock","10":"sale","11":"taxable","12":"shipping-taxable","13":"purchasable","14":"product-type-simple"},"_links":{"self":[{"href":"https:\/\/www.nicolasvadot.com\/shop\/wp-json\/wp\/v2\/product\/220","targetHints":{"allow":["GET"]}}],"collection":[{"href":"https:\/\/www.nicolasvadot.com\/shop\/wp-json\/wp\/v2\/product"}],"about":[{"href":"https:\/\/www.nicolasvadot.com\/shop\/wp-json\/wp\/v2\/types\/product"}],"replies":[{"embeddable":true,"href":"https:\/\/www.nicolasvadot.com\/shop\/wp-json\/wp\/v2\/comments?post=220"}],"wp:featuredmedia":[{"embeddable":true,"href":"https:\/\/www.nicolasvadot.com\/shop\/wp-json\/wp\/v2\/media\/2436"}],"wp:attachment":[{"href":"https:\/\/www.nicolasvadot.com\/shop\/wp-json\/wp\/v2\/media?parent=220"}],"wp:term":[{"taxonomy":"product_brand","embeddable":true,"href":"https:\/\/www.nicolasvadot.com\/shop\/wp-json\/wp\/v2\/product_brand?post=220"},{"taxonomy":"product_cat","embeddable":true,"href":"https:\/\/www.nicolasvadot.com\/shop\/wp-json\/wp\/v2\/product_cat?post=220"},{"taxonomy":"product_tag","embeddable":true,"href":"https:\/\/www.nicolasvadot.com\/shop\/wp-json\/wp\/v2\/product_tag?post=220"}],"curies":[{"name":"wp","href":"https:\/\/api.w.org\/{rel}","templated":true}]}}