{"id":215,"date":"2020-05-20T13:52:50","date_gmt":"2020-05-20T11:52:50","guid":{"rendered":"https:\/\/www.nicolasvadot.com\/shop\/?post_type=product&#038;p=215"},"modified":"2025-10-04T12:58:36","modified_gmt":"2025-10-04T10:58:36","slug":"madame-ronchard","status":"publish","type":"product","link":"https:\/\/www.nicolasvadot.com\/shop\/produit\/madame-ronchard\/","title":{"rendered":"Madame Ronchard"},"content":{"rendered":"<p>Date de parution : Juin 2019<br \/>\nDimensions : 30 x 22 cm<br \/>\nNb de pages : 80 pages<\/p>\n","protected":false},"excerpt":{"rendered":"<p>\u00ab\u00a0Le temps est toujours aussi pourri, notre \u00e9quipe de foot est nulle\u00a0; et que fait le gouvernement\u00a0? Rien. Avec Madame Ronchard, \u00e7a va changer.\u00a0\u00bb<\/p>\n<p>\u00c9velyne Ronchard est ce que l\u2019on appelle une r\u00e2leuse professionnelle, un pilier de comptoir qui peste contre tout. Elle habite le Pleutoultan et d\u00e9cide de passer de la contestation aux actes pour renverser le pouvoir en place, \u00e0 l\u2019aide de son slogan imparable\u00a0: \u00ab\u00a0\u00c0 bas tout\u00a0!\u00a0\u00bb<\/p>\n","protected":false},"featured_media":2431,"comment_status":"closed","ping_status":"closed","template":"","meta":{"_monsterinsights_skip_tracking":false,"_monsterinsights_sitenote_active":false,"_monsterinsights_sitenote_note":"","_monsterinsights_sitenote_category":0},"product_brand":[],"product_cat":[17],"product_tag":[],"class_list":{"0":"post-215","1":"product","2":"type-product","3":"status-publish","4":"has-post-thumbnail","6":"product_cat-bandes-dessinees","8":"first","9":"outofstock","10":"sale","11":"taxable","12":"shipping-taxable","13":"purchasable","14":"product-type-simple"},"_links":{"self":[{"href":"https:\/\/www.nicolasvadot.com\/shop\/wp-json\/wp\/v2\/product\/215","targetHints":{"allow":["GET"]}}],"collection":[{"href":"https:\/\/www.nicolasvadot.com\/shop\/wp-json\/wp\/v2\/product"}],"about":[{"href":"https:\/\/www.nicolasvadot.com\/shop\/wp-json\/wp\/v2\/types\/product"}],"replies":[{"embeddable":true,"href":"https:\/\/www.nicolasvadot.com\/shop\/wp-json\/wp\/v2\/comments?post=215"}],"wp:featuredmedia":[{"embeddable":true,"href":"https:\/\/www.nicolasvadot.com\/shop\/wp-json\/wp\/v2\/media\/2431"}],"wp:attachment":[{"href":"https:\/\/www.nicolasvadot.com\/shop\/wp-json\/wp\/v2\/media?parent=215"}],"wp:term":[{"taxonomy":"product_brand","embeddable":true,"href":"https:\/\/www.nicolasvadot.com\/shop\/wp-json\/wp\/v2\/product_brand?post=215"},{"taxonomy":"product_cat","embeddable":true,"href":"https:\/\/www.nicolasvadot.com\/shop\/wp-json\/wp\/v2\/product_cat?post=215"},{"taxonomy":"product_tag","embeddable":true,"href":"https:\/\/www.nicolasvadot.com\/shop\/wp-json\/wp\/v2\/product_tag?post=215"}],"curies":[{"name":"wp","href":"https:\/\/api.w.org\/{rel}","templated":true}]}}