{"id":98,"date":"2020-06-14T11:16:08","date_gmt":"2020-06-14T09:16:08","guid":{"rendered":"https:\/\/www.nicolasvadot.com\/shop\/?page_id=98"},"modified":"2020-09-14T21:13:36","modified_gmt":"2020-09-14T19:13:36","slug":"conditions-generales-de-vente","status":"publish","type":"page","link":"https:\/\/www.nicolasvadot.com\/shop\/conditions-generales-de-vente\/","title":{"rendered":"Conditions g\u00e9n\u00e9rales de vente"},"content":{"rendered":"<h6 align=\"justify\">Article 1 \u2013 Objet<\/h6>\n<p align=\"justify\">Les pr\u00e9sentes conditions g\u00e9n\u00e9rales de vente s\u2019appliquent, sans restriction ni r\u00e9serve, \u00e0 l\u2019ensemble des produits propos\u00e9s \u00e0 la vente sur nicolasvadot.com (ci-apr\u00e8s d\u00e9nomm\u00e9 \u00ab le Site \u00bb).<\/p>\n<p align=\"justify\">Le fait pour une personne physique ou morale, de commander sur le Site emporte acceptation pleine et enti\u00e8re des pr\u00e9sentes conditions g\u00e9n\u00e9rales de vente. Elles sont accessibles \u00e0 tout moment sur le Site et pr\u00e9vaudront, le cas \u00e9ch\u00e9ant, sur toute autre version et sur les propres conditions g\u00e9n\u00e9rales d\u2019achat ou autres du Client.<\/p>\n<h6 align=\"justify\">Article 2 \u2013 Prix \u2013 Modalit\u00e9s de paiement<\/h6>\n<p align=\"justify\">Les tarifs en vigueur sont exprim\u00e9s TTC, nous nous r\u00e9servons le droit de reporter toute nouvelle taxe et augmentation de taux.<\/p>\n<p align=\"justify\">Les prix indiqu\u00e9s s\u2019entendent en Euros.<\/p>\n<p align=\"justify\">Vous devez r\u00e9gler la totalit\u00e9 des achats \u00e0 la commande, aux coordonn\u00e9es bancaires indiqu\u00e9es dans l\u2019email de confirmation de la commande.<\/p>\n<h6 align=\"justify\">Article \u00a03 \u2013 R\u00e9clamations<\/h6>\n<p align=\"justify\">Toute r\u00e9clamation et\/ou contestation du client \u00e0 l\u2019encontre du service devra \u00eatre formul\u00e9e, exclusivement par e-mail \u00e0 l\u2019adresse shop@nicolasvadot.com, au plus tard 48 heures \u00e0 compter de leur fait g\u00e9n\u00e9rateur, sous peine de d\u00e9ch\u00e9ance.<\/p>\n<h6 align=\"justify\">Article \u00a04 \u2013 d\u00e9lai de r\u00e9tractation<\/h6>\n<p align=\"justify\">Les Produits sont livr\u00e9s le plus rapidement possible par courrier postal. Nous ex\u00e9cutons la prestation avant la fin du d\u00e9lai de sept jours.<\/p>\n<p align=\"justify\">Les parties conviennent donc que l\u2019envoi du contrat ne pourra donner lieu \u00e0 l\u2019exercice d\u2019un quelconque droit de r\u00e9tractation.<\/p>\n<h6 align=\"justify\">Article 5 \u2013 Vie Priv\u00e9e<\/h6>\n<p align=\"justify\">Nous respectons votre vie priv\u00e9e. Nous ne collectons pas de donn\u00e9es sans votre consentement. Nous vous invitons \u00e0 consulter notre\u00a0politique de confidentialit\u00e9\u00a0pour de plus amples informations.<\/p>\n<h6 align=\"justify\">Article 6 \u2013 Invalidit\u00e9 \u2013 Force majeure \u2013 Droit applicable et Tribunal comp\u00e9tent<\/h6>\n<p align=\"justify\">Si pour une quelconque raison une disposition des pr\u00e9sentes conditions g\u00e9n\u00e9rales devait \u00eatre d\u00e9clar\u00e9e inapplicable, cette inapplicabilit\u00e9 n\u2019affecterait pas l\u2019application des autres dispositions des conditions g\u00e9n\u00e9rales. Celle jug\u00e9e inapplicable \u00e9tant alors remplac\u00e9e par la disposition la plus proche possible.<\/p>\n<p align=\"justify\">nicolasvadot.com ne saurait \u00eatre tenu responsable de toute inex\u00e9cution qui aurait pour origine un cas de force majeure, \u00e9chappant \u00e0 son contr\u00f4le, incluant notamment, sans que cela soit limitatif, les cas de guerre, d\u2019\u00e9meute, d\u2019insurrection, d\u2019interruption de transport, de probl\u00e8me d\u2019importation ou d\u2019exportation, de gr\u00e8ve, de lock-out, de p\u00e9nurie, d\u2019incendie, de tremblement de terre, de temp\u00eate, d\u2019inondations.<\/p>\n<p align=\"justify\">Les pr\u00e9sentes conditions g\u00e9n\u00e9rales sont exclusivement r\u00e9gies par la loi belge. En cas de litige, seuls les Tribunaux de l\u2019arrondissement judiciaire de Bruxelles seront comp\u00e9tents.<\/p>\n","protected":false},"excerpt":{"rendered":"<p>Article 1 \u2013 Objet Les pr\u00e9sentes conditions g\u00e9n\u00e9rales de vente s\u2019appliquent, sans restriction ni r\u00e9serve, \u00e0 l\u2019ensemble des produits propos\u00e9s \u00e0 la vente sur nicolasvadot.com (ci-apr\u00e8s d\u00e9nomm\u00e9 \u00ab le Site \u00bb). Le fait pour une personne physique ou morale, de commander sur le Site emporte acceptation pleine et enti\u00e8re des pr\u00e9sentes conditions g\u00e9n\u00e9rales de vente. &hellip;<\/p>\n","protected":false},"author":1,"featured_media":0,"parent":0,"menu_order":0,"comment_status":"closed","ping_status":"closed","template":"","meta":{"_monsterinsights_skip_tracking":false,"_monsterinsights_sitenote_active":false,"_monsterinsights_sitenote_note":"","_monsterinsights_sitenote_category":0,"footnotes":""},"class_list":["post-98","page","type-page","status-publish","hentry"],"_links":{"self":[{"href":"https:\/\/www.nicolasvadot.com\/shop\/wp-json\/wp\/v2\/pages\/98","targetHints":{"allow":["GET"]}}],"collection":[{"href":"https:\/\/www.nicolasvadot.com\/shop\/wp-json\/wp\/v2\/pages"}],"about":[{"href":"https:\/\/www.nicolasvadot.com\/shop\/wp-json\/wp\/v2\/types\/page"}],"author":[{"embeddable":true,"href":"https:\/\/www.nicolasvadot.com\/shop\/wp-json\/wp\/v2\/users\/1"}],"replies":[{"embeddable":true,"href":"https:\/\/www.nicolasvadot.com\/shop\/wp-json\/wp\/v2\/comments?post=98"}],"version-history":[{"count":6,"href":"https:\/\/www.nicolasvadot.com\/shop\/wp-json\/wp\/v2\/pages\/98\/revisions"}],"predecessor-version":[{"id":1029,"href":"https:\/\/www.nicolasvadot.com\/shop\/wp-json\/wp\/v2\/pages\/98\/revisions\/1029"}],"wp:attachment":[{"href":"https:\/\/www.nicolasvadot.com\/shop\/wp-json\/wp\/v2\/media?parent=98"}],"curies":[{"name":"wp","href":"https:\/\/api.w.org\/{rel}","templated":true}]}}