{"id":741,"date":"2021-03-31T15:55:39","date_gmt":"2021-03-31T13:55:39","guid":{"rendered":"https:\/\/www.nicolasvadot.com\/en\/?page_id=741"},"modified":"2021-04-17T16:36:58","modified_gmt":"2021-04-17T14:36:58","slug":"nine-months","status":"publish","type":"page","link":"https:\/\/www.nicolasvadot.com\/en\/graphic-novels\/nine-months\/","title":{"rendered":"Nine Months"},"content":{"rendered":"<p><span style=\"font-size: 18pt;\">Presentation<\/span><\/p>\n<p><strong><img loading=\"lazy\" decoding=\"async\" class=\"size-full wp-image-968 alignleft\" src=\"https:\/\/www.nicolasvadot.com\/en\/wp-content\/uploads\/2021\/04\/Neuf_Mois_Cover.jpg\" alt=\"\" width=\"350\" height=\"491\" srcset=\"https:\/\/www.nicolasvadot.com\/en\/wp-content\/uploads\/2021\/04\/Neuf_Mois_Cover.jpg 350w, https:\/\/www.nicolasvadot.com\/en\/wp-content\/uploads\/2021\/04\/Neuf_Mois_Cover-214x300.jpg 214w\" sizes=\"auto, (max-width: 350px) 100vw, 350px\" \/>Neuf Mois (Nine Months)<\/strong><br \/>\nStory &amp; artwork : Vadot<br \/>\nPublisher : Casterman<br \/>\nPages : 72<br \/>\nLanguage : French<br \/>\nRelease date : 22 April 2009<br \/>\nCountries of release : France, Belgium, Switzerland and Canada<br \/>\nPublished in French<\/p>\n<hr \/>\n<p><strong>The plot<\/strong><\/p>\n<p>Souffrant d\u2019insomnies, Colin arpente la petite ceinture\u00a0de Bruxelles au volant de sa Coccinelle, la nuit,\u00a0sous une pluie automnale. En passant sous un tunnel,\u00a0il se retrouve subitement dans un autre monde, en plein\u00a0jour, au centre d\u2019un d\u00e9sert blanc, conduisant non plus\u00a0une Coccinelle, mais une Chevrolet Chevelle 1968\u2026<br \/>\nAu m\u00eame moment, dans le monde r\u00e9el, Chlo\u00e9,\u00a0son \u00e9pouse, est profond\u00e9ment endormie dans le lit\u00a0conjugal\u2026<br \/>\nElle est enceinte de sept mois.<\/p>\n","protected":false},"excerpt":{"rendered":"<p>Presentation Neuf Mois (Nine Months) Story &amp; artwork : Vadot Publisher : Casterman Pages : 72 Language : French Release date : 22 April 2009 Countries of release : France, Belgium, Switzerland and Canada Published in French The plot Souffrant d\u2019insomnies, Colin arpente la petite ceinture\u00a0de Bruxelles au volant de sa Coccinelle, la nuit,\u00a0sous une [&hellip;]<\/p>\n","protected":false},"author":1,"featured_media":0,"parent":29,"menu_order":0,"comment_status":"closed","ping_status":"closed","template":"","meta":{"footnotes":""},"class_list":["post-741","page","type-page","status-publish","hentry"],"_links":{"self":[{"href":"https:\/\/www.nicolasvadot.com\/en\/wp-json\/wp\/v2\/pages\/741","targetHints":{"allow":["GET"]}}],"collection":[{"href":"https:\/\/www.nicolasvadot.com\/en\/wp-json\/wp\/v2\/pages"}],"about":[{"href":"https:\/\/www.nicolasvadot.com\/en\/wp-json\/wp\/v2\/types\/page"}],"author":[{"embeddable":true,"href":"https:\/\/www.nicolasvadot.com\/en\/wp-json\/wp\/v2\/users\/1"}],"replies":[{"embeddable":true,"href":"https:\/\/www.nicolasvadot.com\/en\/wp-json\/wp\/v2\/comments?post=741"}],"version-history":[{"count":9,"href":"https:\/\/www.nicolasvadot.com\/en\/wp-json\/wp\/v2\/pages\/741\/revisions"}],"predecessor-version":[{"id":1454,"href":"https:\/\/www.nicolasvadot.com\/en\/wp-json\/wp\/v2\/pages\/741\/revisions\/1454"}],"up":[{"embeddable":true,"href":"https:\/\/www.nicolasvadot.com\/en\/wp-json\/wp\/v2\/pages\/29"}],"wp:attachment":[{"href":"https:\/\/www.nicolasvadot.com\/en\/wp-json\/wp\/v2\/media?parent=741"}],"curies":[{"name":"wp","href":"https:\/\/api.w.org\/{rel}","templated":true}]}}